{"id":249,"date":"2019-11-09T10:50:53","date_gmt":"2019-11-09T09:50:53","guid":{"rendered":"http:\/\/www.rdb-freiberg.de\/?page_id=249"},"modified":"2019-11-24T11:00:47","modified_gmt":"2019-11-24T10:00:47","slug":"rdb-foerderpreis-2019","status":"publish","type":"page","link":"http:\/\/www.rdb-freiberg.de\/?page_id=249","title":{"rendered":"RDB F\u00f6rderpreis 2019"},"content":{"rendered":"\n<p>Am Samstag den 09.11.2019 fand die allj\u00e4hrliche erweiterte Vorstandssitzung des RDB in Essen, NRW statt. Auch dieses Jahr war der Bezirksverein Freiberg mit 5 Mitglieder wieder stark vertreten.<\/p>\n\n\n\n<p>Das Bezirkvereins-Mitglied Herr Dipl.-Ing. Martin Wissen wurde auf der Sitzung mit dem RDB-F\u00f6rderpreis ausgezeichnet, welcher ihm f\u00fcr seine hervorragenden Leistungen in seiner Diplomarbeit verliehen wurde. Dabei wurde er mit dem Preis auch f\u00fcr seine Unterst\u00fctzung und das Einbringen im BV Freiberg geehrt.<\/p>\n\n\n\n<style type=\"text\/css\">\n#foogallery-gallery-251 .fg-image { width: 150px; }\n#foogallery-gallery-251 { --fg-gutter: 10px; }<\/style>\n\t\t\t<div class=\"foogallery foogallery-container foogallery-default foogallery-lightbox-none fg-center fg-default fg-ready fg-light fg-border-thin fg-shadow-outline fg-loading-default fg-loaded-fade-in fg-caption-hover fg-hover-fade fg-hover-zoom\" id=\"foogallery-gallery-251\" data-foogallery=\"{&quot;item&quot;:{&quot;showCaptionTitle&quot;:true,&quot;showCaptionDescription&quot;:true},&quot;lazy&quot;:true}\" style=\"--fg-title-line-clamp: 0; --fg-description-line-clamp: 0;\" >\n\t<div class=\"fg-item fg-type-image fg-idle\"><figure class=\"fg-item-inner\"><a href=\"http:\/\/www.rdb-freiberg.de\/wp-content\/uploads\/2019\/11\/DSC00255.jpg\" data-caption-desc=\"Herr Wissen bei seiner Danksagung (privat)\" data-attachment-id=\"219\" data-type=\"image\" class=\"fg-thumb\"><span class=\"fg-image-wrap\"><img decoding=\"async\" width=\"150\" height=\"150\" class=\"skip-lazy fg-image\" data-src-fg=\"http:\/\/www.rdb-freiberg.de\/wp-content\/uploads\/cache\/2019\/11\/DSC00255\/4213492341.jpg\" src=\"data:image\/svg+xml,%3Csvg%20xmlns%3D%22http%3A%2F%2Fwww.w3.org%2F2000%2Fsvg%22%20width%3D%22150%22%20height%3D%22150%22%20viewBox%3D%220%200%20150%20150%22%3E%3C%2Fsvg%3E\" loading=\"eager\"><\/span><span class=\"fg-image-overlay\"><\/span><\/a><figcaption class=\"fg-caption\"><div class=\"fg-caption-inner\"><div class=\"fg-caption-desc\">Herr Wissen bei seiner Danksagung (privat)<\/div><\/div><\/figcaption><\/figure><div class=\"fg-loader\"><\/div><\/div><div class=\"fg-item fg-type-image fg-idle\"><figure class=\"fg-item-inner\"><a href=\"http:\/\/www.rdb-freiberg.de\/wp-content\/uploads\/2019\/11\/DSC00253.jpg\" data-caption-desc=\"Preisverleihung des RDB F\u00f6rderpreises (privat)\" data-attachment-id=\"218\" data-type=\"image\" class=\"fg-thumb\"><span class=\"fg-image-wrap\"><img decoding=\"async\" width=\"150\" height=\"150\" class=\"skip-lazy fg-image\" data-src-fg=\"http:\/\/www.rdb-freiberg.de\/wp-content\/uploads\/cache\/2019\/11\/DSC00253\/3008113960.jpg\" src=\"data:image\/svg+xml,%3Csvg%20xmlns%3D%22http%3A%2F%2Fwww.w3.org%2F2000%2Fsvg%22%20width%3D%22150%22%20height%3D%22150%22%20viewBox%3D%220%200%20150%20150%22%3E%3C%2Fsvg%3E\" loading=\"eager\"><\/span><span class=\"fg-image-overlay\"><\/span><\/a><figcaption class=\"fg-caption\"><div class=\"fg-caption-inner\"><div class=\"fg-caption-desc\">Preisverleihung des RDB F\u00f6rderpreises (privat)<\/div><\/div><\/figcaption><\/figure><div class=\"fg-loader\"><\/div><\/div><\/div>\n\n\n\n\n<p>An dieser Stelle gratulieren wir Herrn Wissen f\u00fcr seine Leistungen und w\u00fcnschen ihm viel Erfolg auf seinem weiteren beruflichen Lebensweg.<\/p>\n","protected":false},"excerpt":{"rendered":"<p>Am Samstag den 09.11.2019 fand die allj\u00e4hrliche erweiterte Vorstandssitzung des RDB in Essen, NRW statt. Auch dieses Jahr war der Bezirksverein Freiberg mit 5 Mitglieder wieder stark vertreten. Das Bezirkvereins-Mitglied Herr Dipl.-Ing. Martin Wissen wurde auf der Sitzung mit dem RDB-F\u00f6rderpreis ausgezeichnet, welcher ihm f\u00fcr seine hervorragenden Leistungen in seiner Diplomarbeit verliehen wurde. Dabei wurde &hellip; <\/p>\n<p><a class=\"more-link btn\" href=\"http:\/\/www.rdb-freiberg.de\/?page_id=249\">Weiterlesen<\/a><\/p>\n","protected":false},"author":1,"featured_media":0,"parent":186,"menu_order":-3,"comment_status":"closed","ping_status":"closed","template":"","meta":{"footnotes":""},"class_list":["post-249","page","type-page","status-publish","hentry","nodate","item-wrap"],"yoast_head":"<!-- This site is optimized with the Yoast SEO plugin v27.5 - https:\/\/yoast.com\/product\/yoast-seo-wordpress\/ -->\n<title>RDB F\u00f6rderpreis 2019 - RDB e.V. BV Bergakademie Freiberg<\/title>\n<meta name=\"robots\" content=\"index, follow, max-snippet:-1, max-image-preview:large, max-video-preview:-1\" \/>\n<link rel=\"canonical\" href=\"http:\/\/www.rdb-freiberg.de\/?page_id=249\" \/>\n<meta property=\"og:locale\" content=\"de_DE\" \/>\n<meta property=\"og:type\" content=\"article\" \/>\n<meta property=\"og:title\" content=\"RDB F\u00f6rderpreis 2019 - RDB e.V. BV Bergakademie Freiberg\" \/>\n<meta property=\"og:description\" content=\"Am Samstag den 09.11.2019 fand die allj\u00e4hrliche erweiterte Vorstandssitzung des RDB in Essen, NRW statt. Auch dieses Jahr war der Bezirksverein Freiberg mit 5 Mitglieder wieder stark vertreten. Das Bezirkvereins-Mitglied Herr Dipl.-Ing. Martin Wissen wurde auf der Sitzung mit dem RDB-F\u00f6rderpreis ausgezeichnet, welcher ihm f\u00fcr seine hervorragenden Leistungen in seiner Diplomarbeit verliehen wurde. Dabei wurde &hellip; Weiterlesen\" \/>\n<meta property=\"og:url\" content=\"http:\/\/www.rdb-freiberg.de\/?page_id=249\" \/>\n<meta property=\"og:site_name\" content=\"RDB e.V. BV Bergakademie Freiberg\" \/>\n<meta property=\"article:modified_time\" content=\"2019-11-24T10:00:47+00:00\" \/>\n<meta name=\"twitter:card\" content=\"summary_large_image\" \/>\n<script type=\"application\/ld+json\" class=\"yoast-schema-graph\">{\"@context\":\"https:\\\/\\\/schema.org\",\"@graph\":[{\"@type\":\"WebPage\",\"@id\":\"http:\\\/\\\/www.rdb-freiberg.de\\\/?page_id=249\",\"url\":\"http:\\\/\\\/www.rdb-freiberg.de\\\/?page_id=249\",\"name\":\"RDB F\u00f6rderpreis 2019 - RDB e.V. BV Bergakademie Freiberg\",\"isPartOf\":{\"@id\":\"http:\\\/\\\/www.rdb-freiberg.de\\\/#website\"},\"datePublished\":\"2019-11-09T09:50:53+00:00\",\"dateModified\":\"2019-11-24T10:00:47+00:00\",\"breadcrumb\":{\"@id\":\"http:\\\/\\\/www.rdb-freiberg.de\\\/?page_id=249#breadcrumb\"},\"inLanguage\":\"de\",\"potentialAction\":[{\"@type\":\"ReadAction\",\"target\":[\"http:\\\/\\\/www.rdb-freiberg.de\\\/?page_id=249\"]}]},{\"@type\":\"BreadcrumbList\",\"@id\":\"http:\\\/\\\/www.rdb-freiberg.de\\\/?page_id=249#breadcrumb\",\"itemListElement\":[{\"@type\":\"ListItem\",\"position\":1,\"name\":\"Startseite\",\"item\":\"http:\\\/\\\/www.rdb-freiberg.de\\\/\"},{\"@type\":\"ListItem\",\"position\":2,\"name\":\"Berichte\",\"item\":\"http:\\\/\\\/www.rdb-freiberg.de\\\/?page_id=186\"},{\"@type\":\"ListItem\",\"position\":3,\"name\":\"RDB F\u00f6rderpreis 2019\"}]},{\"@type\":\"WebSite\",\"@id\":\"http:\\\/\\\/www.rdb-freiberg.de\\\/#website\",\"url\":\"http:\\\/\\\/www.rdb-freiberg.de\\\/\",\"name\":\"RDB e.V. BV Bergakademie Freiberg\",\"description\":\"Ring Deutscher Bergingenieure TU Bergakademie Freiberg\",\"publisher\":{\"@id\":\"http:\\\/\\\/www.rdb-freiberg.de\\\/#organization\"},\"potentialAction\":[{\"@type\":\"SearchAction\",\"target\":{\"@type\":\"EntryPoint\",\"urlTemplate\":\"http:\\\/\\\/www.rdb-freiberg.de\\\/?s={search_term_string}\"},\"query-input\":{\"@type\":\"PropertyValueSpecification\",\"valueRequired\":true,\"valueName\":\"search_term_string\"}}],\"inLanguage\":\"de\"},{\"@type\":\"Organization\",\"@id\":\"http:\\\/\\\/www.rdb-freiberg.de\\\/#organization\",\"name\":\"Ring Deutscher Bergingenieure Bezirksverein Bergakademie Freiberg\",\"url\":\"http:\\\/\\\/www.rdb-freiberg.de\\\/\",\"logo\":{\"@type\":\"ImageObject\",\"inLanguage\":\"de\",\"@id\":\"http:\\\/\\\/www.rdb-freiberg.de\\\/#\\\/schema\\\/logo\\\/image\\\/\",\"url\":\"http:\\\/\\\/www.rdb-freiberg.de\\\/wp-content\\\/uploads\\\/2017\\\/12\\\/rdb-logo.jpg\",\"contentUrl\":\"http:\\\/\\\/www.rdb-freiberg.de\\\/wp-content\\\/uploads\\\/2017\\\/12\\\/rdb-logo.jpg\",\"width\":150,\"height\":150,\"caption\":\"Ring Deutscher Bergingenieure Bezirksverein Bergakademie Freiberg\"},\"image\":{\"@id\":\"http:\\\/\\\/www.rdb-freiberg.de\\\/#\\\/schema\\\/logo\\\/image\\\/\"},\"sameAs\":[\"https:\\\/\\\/de.wikipedia.org\\\/wiki\\\/Ring_Deutscher_Bergingenieure\"]}]}<\/script>\n<!-- \/ Yoast SEO plugin. -->","yoast_head_json":{"title":"RDB F\u00f6rderpreis 2019 - RDB e.V. BV Bergakademie Freiberg","robots":{"index":"index","follow":"follow","max-snippet":"max-snippet:-1","max-image-preview":"max-image-preview:large","max-video-preview":"max-video-preview:-1"},"canonical":"http:\/\/www.rdb-freiberg.de\/?page_id=249","og_locale":"de_DE","og_type":"article","og_title":"RDB F\u00f6rderpreis 2019 - RDB e.V. BV Bergakademie Freiberg","og_description":"Am Samstag den 09.11.2019 fand die allj\u00e4hrliche erweiterte Vorstandssitzung des RDB in Essen, NRW statt. Auch dieses Jahr war der Bezirksverein Freiberg mit 5 Mitglieder wieder stark vertreten. Das Bezirkvereins-Mitglied Herr Dipl.-Ing. Martin Wissen wurde auf der Sitzung mit dem RDB-F\u00f6rderpreis ausgezeichnet, welcher ihm f\u00fcr seine hervorragenden Leistungen in seiner Diplomarbeit verliehen wurde. Dabei wurde &hellip; Weiterlesen","og_url":"http:\/\/www.rdb-freiberg.de\/?page_id=249","og_site_name":"RDB e.V. BV Bergakademie Freiberg","article_modified_time":"2019-11-24T10:00:47+00:00","twitter_card":"summary_large_image","schema":{"@context":"https:\/\/schema.org","@graph":[{"@type":"WebPage","@id":"http:\/\/www.rdb-freiberg.de\/?page_id=249","url":"http:\/\/www.rdb-freiberg.de\/?page_id=249","name":"RDB F\u00f6rderpreis 2019 - RDB e.V. BV Bergakademie Freiberg","isPartOf":{"@id":"http:\/\/www.rdb-freiberg.de\/#website"},"datePublished":"2019-11-09T09:50:53+00:00","dateModified":"2019-11-24T10:00:47+00:00","breadcrumb":{"@id":"http:\/\/www.rdb-freiberg.de\/?page_id=249#breadcrumb"},"inLanguage":"de","potentialAction":[{"@type":"ReadAction","target":["http:\/\/www.rdb-freiberg.de\/?page_id=249"]}]},{"@type":"BreadcrumbList","@id":"http:\/\/www.rdb-freiberg.de\/?page_id=249#breadcrumb","itemListElement":[{"@type":"ListItem","position":1,"name":"Startseite","item":"http:\/\/www.rdb-freiberg.de\/"},{"@type":"ListItem","position":2,"name":"Berichte","item":"http:\/\/www.rdb-freiberg.de\/?page_id=186"},{"@type":"ListItem","position":3,"name":"RDB F\u00f6rderpreis 2019"}]},{"@type":"WebSite","@id":"http:\/\/www.rdb-freiberg.de\/#website","url":"http:\/\/www.rdb-freiberg.de\/","name":"RDB e.V. BV Bergakademie Freiberg","description":"Ring Deutscher Bergingenieure TU Bergakademie Freiberg","publisher":{"@id":"http:\/\/www.rdb-freiberg.de\/#organization"},"potentialAction":[{"@type":"SearchAction","target":{"@type":"EntryPoint","urlTemplate":"http:\/\/www.rdb-freiberg.de\/?s={search_term_string}"},"query-input":{"@type":"PropertyValueSpecification","valueRequired":true,"valueName":"search_term_string"}}],"inLanguage":"de"},{"@type":"Organization","@id":"http:\/\/www.rdb-freiberg.de\/#organization","name":"Ring Deutscher Bergingenieure Bezirksverein Bergakademie Freiberg","url":"http:\/\/www.rdb-freiberg.de\/","logo":{"@type":"ImageObject","inLanguage":"de","@id":"http:\/\/www.rdb-freiberg.de\/#\/schema\/logo\/image\/","url":"http:\/\/www.rdb-freiberg.de\/wp-content\/uploads\/2017\/12\/rdb-logo.jpg","contentUrl":"http:\/\/www.rdb-freiberg.de\/wp-content\/uploads\/2017\/12\/rdb-logo.jpg","width":150,"height":150,"caption":"Ring Deutscher Bergingenieure Bezirksverein Bergakademie Freiberg"},"image":{"@id":"http:\/\/www.rdb-freiberg.de\/#\/schema\/logo\/image\/"},"sameAs":["https:\/\/de.wikipedia.org\/wiki\/Ring_Deutscher_Bergingenieure"]}]}},"_links":{"self":[{"href":"http:\/\/www.rdb-freiberg.de\/index.php?rest_route=\/wp\/v2\/pages\/249","targetHints":{"allow":["GET"]}}],"collection":[{"href":"http:\/\/www.rdb-freiberg.de\/index.php?rest_route=\/wp\/v2\/pages"}],"about":[{"href":"http:\/\/www.rdb-freiberg.de\/index.php?rest_route=\/wp\/v2\/types\/page"}],"author":[{"embeddable":true,"href":"http:\/\/www.rdb-freiberg.de\/index.php?rest_route=\/wp\/v2\/users\/1"}],"replies":[{"embeddable":true,"href":"http:\/\/www.rdb-freiberg.de\/index.php?rest_route=%2Fwp%2Fv2%2Fcomments&post=249"}],"version-history":[{"count":3,"href":"http:\/\/www.rdb-freiberg.de\/index.php?rest_route=\/wp\/v2\/pages\/249\/revisions"}],"predecessor-version":[{"id":256,"href":"http:\/\/www.rdb-freiberg.de\/index.php?rest_route=\/wp\/v2\/pages\/249\/revisions\/256"}],"up":[{"embeddable":true,"href":"http:\/\/www.rdb-freiberg.de\/index.php?rest_route=\/wp\/v2\/pages\/186"}],"wp:attachment":[{"href":"http:\/\/www.rdb-freiberg.de\/index.php?rest_route=%2Fwp%2Fv2%2Fmedia&parent=249"}],"curies":[{"name":"wp","href":"https:\/\/api.w.org\/{rel}","templated":true}]}}