{"id":260,"date":"2019-12-12T12:23:17","date_gmt":"2019-12-12T11:23:17","guid":{"rendered":"http:\/\/www.rdb-freiberg.de\/?page_id=260"},"modified":"2022-07-24T13:17:48","modified_gmt":"2022-07-24T12:17:48","slug":"barbarafeier-2019","status":"publish","type":"page","link":"http:\/\/www.rdb-freiberg.de\/?page_id=260","title":{"rendered":"Barbarafeier 2019"},"content":{"rendered":"\n<p>Am Mittwoch den 11.12.2019 fand die j\u00e4hrliche Barbarafeier unseres\nBezirkvereins Freiberg in der Knappenstube der Saxonia Stiftung im\nbergbaulichen Ambiente statt.<\/p>\n\n\n\n<p>Die Feier wurde durch mehrere Fachvortr\u00e4ge von zwei\nVortragenden bereichert.<\/p>\n\n\n\n<p>Der Vortrag eines Studenten zur Teilnahme an einem internationalen Bergbau-Wettbewerb in Kanada verdeutlichte die Internationalit\u00e4t der heutigen Bergbau-Industrie und beleuchtete die M\u00f6glichkeiten, die die Studierende an der TU Bergakademie Freiberg wahrnehmen k\u00f6nnen. Die internationale Ausrichtung wurde auch in einer Ansprache aufgegriffen und den Studierenden nahegelegt, sich bietende Chancen wahrzunehmen.<\/p>\n\n\n\n<p>Darauf folgend wurden zwei Vertr\u00e4ge zu dem historischen Wasserrad im Turmhofschacht in Freiberg gehalten. Dabei wurde neben der Historie des Wasserrades auch die aktuell durchgef\u00fchrten Arbeiten thematisiert, welche dem Erhalt des Rades dienen. Unterst\u00fctzt wurden beide Vortr\u00e4ge visuell durch Fotos und Videos.<\/p>\n\n\n\n<style type=\"text\/css\">\n#foogallery-gallery-258 .fg-image { width: 150px; }\n#foogallery-gallery-258 { --fg-gutter: 10px; }<\/style>\n\t\t\t<div class=\"foogallery foogallery-container foogallery-default foogallery-lightbox-none fg-center fg-default fg-ready fg-light fg-border-thin fg-shadow-outline fg-loading-default fg-loaded-fade-in fg-caption-hover fg-hover-fade fg-hover-zoom\" id=\"foogallery-gallery-258\" data-foogallery=\"{&quot;item&quot;:{&quot;showCaptionTitle&quot;:true,&quot;showCaptionDescription&quot;:true},&quot;lazy&quot;:true}\" style=\"--fg-title-line-clamp: 0; --fg-description-line-clamp: 0;\" >\n\t<div class=\"fg-item fg-type-image fg-idle\"><figure class=\"fg-item-inner\"><a href=\"http:\/\/www.rdb-freiberg.de\/wp-content\/uploads\/2019\/12\/20191211_182352-scaled.jpg\" data-caption-desc=\"Vortrag zur Barbarafeier (privat)\" data-attachment-id=\"259\" data-type=\"image\" class=\"fg-thumb\"><span class=\"fg-image-wrap\"><img decoding=\"async\" width=\"150\" height=\"150\" class=\"skip-lazy fg-image\" data-src-fg=\"http:\/\/www.rdb-freiberg.de\/wp-content\/uploads\/cache\/2019\/12\/20191211_182352-scaled\/4226684728.jpg\" src=\"data:image\/svg+xml,%3Csvg%20xmlns%3D%22http%3A%2F%2Fwww.w3.org%2F2000%2Fsvg%22%20width%3D%22150%22%20height%3D%22150%22%20viewBox%3D%220%200%20150%20150%22%3E%3C%2Fsvg%3E\" loading=\"eager\"><\/span><span class=\"fg-image-overlay\"><\/span><\/a><figcaption class=\"fg-caption\"><div class=\"fg-caption-inner\"><div class=\"fg-caption-desc\">Vortrag zur Barbarafeier (privat)<\/div><\/div><\/figcaption><\/figure><div class=\"fg-loader\"><\/div><\/div><\/div>\n\n\n\n\n<p>Im Anschluss erfolgte ein Austausch mit interessanten Diskussionen\nund Gespr\u00e4chen zwischen den Studierenden und den \u00e4lteren RDB-Mitgliedern bei\nSpeis und Trank.<\/p>\n\n\n\n<p>Wir danken den Vortragenden f\u00fcr die Erg\u00e4nzung des Abendprogramms.<\/p>\n","protected":false},"excerpt":{"rendered":"<p>Am Mittwoch den 11.12.2019 fand die j\u00e4hrliche Barbarafeier unseres Bezirkvereins Freiberg in der Knappenstube der Saxonia Stiftung im bergbaulichen Ambiente statt. Die Feier wurde durch mehrere Fachvortr\u00e4ge von zwei Vortragenden bereichert. Der Vortrag eines Studenten zur Teilnahme an einem internationalen Bergbau-Wettbewerb in Kanada verdeutlichte die Internationalit\u00e4t der heutigen Bergbau-Industrie und beleuchtete die M\u00f6glichkeiten, die die &hellip; <\/p>\n<p><a class=\"more-link btn\" href=\"http:\/\/www.rdb-freiberg.de\/?page_id=260\">Weiterlesen<\/a><\/p>\n","protected":false},"author":1,"featured_media":0,"parent":186,"menu_order":-4,"comment_status":"closed","ping_status":"closed","template":"","meta":{"footnotes":""},"class_list":["post-260","page","type-page","status-publish","hentry","nodate","item-wrap"],"yoast_head":"<!-- This site is optimized with the Yoast SEO plugin v27.5 - https:\/\/yoast.com\/product\/yoast-seo-wordpress\/ -->\n<title>Barbarafeier 2019 - RDB e.V. BV Bergakademie Freiberg<\/title>\n<meta name=\"robots\" content=\"index, follow, max-snippet:-1, max-image-preview:large, max-video-preview:-1\" \/>\n<link rel=\"canonical\" href=\"http:\/\/www.rdb-freiberg.de\/?page_id=260\" \/>\n<meta property=\"og:locale\" content=\"de_DE\" \/>\n<meta property=\"og:type\" content=\"article\" \/>\n<meta property=\"og:title\" content=\"Barbarafeier 2019 - RDB e.V. BV Bergakademie Freiberg\" \/>\n<meta property=\"og:description\" content=\"Am Mittwoch den 11.12.2019 fand die j\u00e4hrliche Barbarafeier unseres Bezirkvereins Freiberg in der Knappenstube der Saxonia Stiftung im bergbaulichen Ambiente statt. Die Feier wurde durch mehrere Fachvortr\u00e4ge von zwei Vortragenden bereichert. Der Vortrag eines Studenten zur Teilnahme an einem internationalen Bergbau-Wettbewerb in Kanada verdeutlichte die Internationalit\u00e4t der heutigen Bergbau-Industrie und beleuchtete die M\u00f6glichkeiten, die die &hellip; Weiterlesen\" \/>\n<meta property=\"og:url\" content=\"http:\/\/www.rdb-freiberg.de\/?page_id=260\" \/>\n<meta property=\"og:site_name\" content=\"RDB e.V. BV Bergakademie Freiberg\" \/>\n<meta property=\"article:modified_time\" content=\"2022-07-24T12:17:48+00:00\" \/>\n<meta name=\"twitter:card\" content=\"summary_large_image\" \/>\n<meta name=\"twitter:label1\" content=\"Gesch\u00e4tzte Lesezeit\" \/>\n\t<meta name=\"twitter:data1\" content=\"1\u00a0Minute\" \/>\n<script type=\"application\/ld+json\" class=\"yoast-schema-graph\">{\"@context\":\"https:\\\/\\\/schema.org\",\"@graph\":[{\"@type\":\"WebPage\",\"@id\":\"http:\\\/\\\/www.rdb-freiberg.de\\\/?page_id=260\",\"url\":\"http:\\\/\\\/www.rdb-freiberg.de\\\/?page_id=260\",\"name\":\"Barbarafeier 2019 - RDB e.V. BV Bergakademie Freiberg\",\"isPartOf\":{\"@id\":\"http:\\\/\\\/www.rdb-freiberg.de\\\/#website\"},\"datePublished\":\"2019-12-12T11:23:17+00:00\",\"dateModified\":\"2022-07-24T12:17:48+00:00\",\"breadcrumb\":{\"@id\":\"http:\\\/\\\/www.rdb-freiberg.de\\\/?page_id=260#breadcrumb\"},\"inLanguage\":\"de\",\"potentialAction\":[{\"@type\":\"ReadAction\",\"target\":[\"http:\\\/\\\/www.rdb-freiberg.de\\\/?page_id=260\"]}]},{\"@type\":\"BreadcrumbList\",\"@id\":\"http:\\\/\\\/www.rdb-freiberg.de\\\/?page_id=260#breadcrumb\",\"itemListElement\":[{\"@type\":\"ListItem\",\"position\":1,\"name\":\"Startseite\",\"item\":\"http:\\\/\\\/www.rdb-freiberg.de\\\/\"},{\"@type\":\"ListItem\",\"position\":2,\"name\":\"Berichte\",\"item\":\"http:\\\/\\\/www.rdb-freiberg.de\\\/?page_id=186\"},{\"@type\":\"ListItem\",\"position\":3,\"name\":\"Barbarafeier 2019\"}]},{\"@type\":\"WebSite\",\"@id\":\"http:\\\/\\\/www.rdb-freiberg.de\\\/#website\",\"url\":\"http:\\\/\\\/www.rdb-freiberg.de\\\/\",\"name\":\"RDB e.V. BV Bergakademie Freiberg\",\"description\":\"Ring Deutscher Bergingenieure TU Bergakademie Freiberg\",\"publisher\":{\"@id\":\"http:\\\/\\\/www.rdb-freiberg.de\\\/#organization\"},\"potentialAction\":[{\"@type\":\"SearchAction\",\"target\":{\"@type\":\"EntryPoint\",\"urlTemplate\":\"http:\\\/\\\/www.rdb-freiberg.de\\\/?s={search_term_string}\"},\"query-input\":{\"@type\":\"PropertyValueSpecification\",\"valueRequired\":true,\"valueName\":\"search_term_string\"}}],\"inLanguage\":\"de\"},{\"@type\":\"Organization\",\"@id\":\"http:\\\/\\\/www.rdb-freiberg.de\\\/#organization\",\"name\":\"Ring Deutscher Bergingenieure Bezirksverein Bergakademie Freiberg\",\"url\":\"http:\\\/\\\/www.rdb-freiberg.de\\\/\",\"logo\":{\"@type\":\"ImageObject\",\"inLanguage\":\"de\",\"@id\":\"http:\\\/\\\/www.rdb-freiberg.de\\\/#\\\/schema\\\/logo\\\/image\\\/\",\"url\":\"http:\\\/\\\/www.rdb-freiberg.de\\\/wp-content\\\/uploads\\\/2017\\\/12\\\/rdb-logo.jpg\",\"contentUrl\":\"http:\\\/\\\/www.rdb-freiberg.de\\\/wp-content\\\/uploads\\\/2017\\\/12\\\/rdb-logo.jpg\",\"width\":150,\"height\":150,\"caption\":\"Ring Deutscher Bergingenieure Bezirksverein Bergakademie Freiberg\"},\"image\":{\"@id\":\"http:\\\/\\\/www.rdb-freiberg.de\\\/#\\\/schema\\\/logo\\\/image\\\/\"},\"sameAs\":[\"https:\\\/\\\/de.wikipedia.org\\\/wiki\\\/Ring_Deutscher_Bergingenieure\"]}]}<\/script>\n<!-- \/ Yoast SEO plugin. -->","yoast_head_json":{"title":"Barbarafeier 2019 - RDB e.V. BV Bergakademie Freiberg","robots":{"index":"index","follow":"follow","max-snippet":"max-snippet:-1","max-image-preview":"max-image-preview:large","max-video-preview":"max-video-preview:-1"},"canonical":"http:\/\/www.rdb-freiberg.de\/?page_id=260","og_locale":"de_DE","og_type":"article","og_title":"Barbarafeier 2019 - RDB e.V. BV Bergakademie Freiberg","og_description":"Am Mittwoch den 11.12.2019 fand die j\u00e4hrliche Barbarafeier unseres Bezirkvereins Freiberg in der Knappenstube der Saxonia Stiftung im bergbaulichen Ambiente statt. Die Feier wurde durch mehrere Fachvortr\u00e4ge von zwei Vortragenden bereichert. Der Vortrag eines Studenten zur Teilnahme an einem internationalen Bergbau-Wettbewerb in Kanada verdeutlichte die Internationalit\u00e4t der heutigen Bergbau-Industrie und beleuchtete die M\u00f6glichkeiten, die die &hellip; Weiterlesen","og_url":"http:\/\/www.rdb-freiberg.de\/?page_id=260","og_site_name":"RDB e.V. BV Bergakademie Freiberg","article_modified_time":"2022-07-24T12:17:48+00:00","twitter_card":"summary_large_image","twitter_misc":{"Gesch\u00e4tzte Lesezeit":"1\u00a0Minute"},"schema":{"@context":"https:\/\/schema.org","@graph":[{"@type":"WebPage","@id":"http:\/\/www.rdb-freiberg.de\/?page_id=260","url":"http:\/\/www.rdb-freiberg.de\/?page_id=260","name":"Barbarafeier 2019 - RDB e.V. BV Bergakademie Freiberg","isPartOf":{"@id":"http:\/\/www.rdb-freiberg.de\/#website"},"datePublished":"2019-12-12T11:23:17+00:00","dateModified":"2022-07-24T12:17:48+00:00","breadcrumb":{"@id":"http:\/\/www.rdb-freiberg.de\/?page_id=260#breadcrumb"},"inLanguage":"de","potentialAction":[{"@type":"ReadAction","target":["http:\/\/www.rdb-freiberg.de\/?page_id=260"]}]},{"@type":"BreadcrumbList","@id":"http:\/\/www.rdb-freiberg.de\/?page_id=260#breadcrumb","itemListElement":[{"@type":"ListItem","position":1,"name":"Startseite","item":"http:\/\/www.rdb-freiberg.de\/"},{"@type":"ListItem","position":2,"name":"Berichte","item":"http:\/\/www.rdb-freiberg.de\/?page_id=186"},{"@type":"ListItem","position":3,"name":"Barbarafeier 2019"}]},{"@type":"WebSite","@id":"http:\/\/www.rdb-freiberg.de\/#website","url":"http:\/\/www.rdb-freiberg.de\/","name":"RDB e.V. BV Bergakademie Freiberg","description":"Ring Deutscher Bergingenieure TU Bergakademie Freiberg","publisher":{"@id":"http:\/\/www.rdb-freiberg.de\/#organization"},"potentialAction":[{"@type":"SearchAction","target":{"@type":"EntryPoint","urlTemplate":"http:\/\/www.rdb-freiberg.de\/?s={search_term_string}"},"query-input":{"@type":"PropertyValueSpecification","valueRequired":true,"valueName":"search_term_string"}}],"inLanguage":"de"},{"@type":"Organization","@id":"http:\/\/www.rdb-freiberg.de\/#organization","name":"Ring Deutscher Bergingenieure Bezirksverein Bergakademie Freiberg","url":"http:\/\/www.rdb-freiberg.de\/","logo":{"@type":"ImageObject","inLanguage":"de","@id":"http:\/\/www.rdb-freiberg.de\/#\/schema\/logo\/image\/","url":"http:\/\/www.rdb-freiberg.de\/wp-content\/uploads\/2017\/12\/rdb-logo.jpg","contentUrl":"http:\/\/www.rdb-freiberg.de\/wp-content\/uploads\/2017\/12\/rdb-logo.jpg","width":150,"height":150,"caption":"Ring Deutscher Bergingenieure Bezirksverein Bergakademie Freiberg"},"image":{"@id":"http:\/\/www.rdb-freiberg.de\/#\/schema\/logo\/image\/"},"sameAs":["https:\/\/de.wikipedia.org\/wiki\/Ring_Deutscher_Bergingenieure"]}]}},"_links":{"self":[{"href":"http:\/\/www.rdb-freiberg.de\/index.php?rest_route=\/wp\/v2\/pages\/260","targetHints":{"allow":["GET"]}}],"collection":[{"href":"http:\/\/www.rdb-freiberg.de\/index.php?rest_route=\/wp\/v2\/pages"}],"about":[{"href":"http:\/\/www.rdb-freiberg.de\/index.php?rest_route=\/wp\/v2\/types\/page"}],"author":[{"embeddable":true,"href":"http:\/\/www.rdb-freiberg.de\/index.php?rest_route=\/wp\/v2\/users\/1"}],"replies":[{"embeddable":true,"href":"http:\/\/www.rdb-freiberg.de\/index.php?rest_route=%2Fwp%2Fv2%2Fcomments&post=260"}],"version-history":[{"count":3,"href":"http:\/\/www.rdb-freiberg.de\/index.php?rest_route=\/wp\/v2\/pages\/260\/revisions"}],"predecessor-version":[{"id":263,"href":"http:\/\/www.rdb-freiberg.de\/index.php?rest_route=\/wp\/v2\/pages\/260\/revisions\/263"}],"up":[{"embeddable":true,"href":"http:\/\/www.rdb-freiberg.de\/index.php?rest_route=\/wp\/v2\/pages\/186"}],"wp:attachment":[{"href":"http:\/\/www.rdb-freiberg.de\/index.php?rest_route=%2Fwp%2Fv2%2Fmedia&parent=260"}],"curies":[{"name":"wp","href":"https:\/\/api.w.org\/{rel}","templated":true}]}}