{"id":450,"date":"2022-07-24T13:16:33","date_gmt":"2022-07-24T12:16:33","guid":{"rendered":"http:\/\/www.rdb-freiberg.de\/?page_id=450"},"modified":"2022-07-24T13:20:22","modified_gmt":"2022-07-24T12:20:22","slug":"sommergrillen-2022","status":"publish","type":"page","link":"http:\/\/www.rdb-freiberg.de\/?page_id=450","title":{"rendered":"Sommergrillen 2022"},"content":{"rendered":"\n<p>Wie in den vergangenen Jahren, fand am 14. Juli 2022 wieder das traditionelle Sommergrillen des RDB BV Bergakademie Freibergs statt. Zum diesj\u00e4hrigen Sommergrillen konnten wir uns erneut \u00fcber einen Besuch von Herrn M\u00fcller aus dem Hauptvorstand und dem BV Pei\u00dfenberg und Herrn Glaser freuen, welche  Fachvortr\u00e4ge \u00fcber die Werksteingewinnung im Tagebautechnikum hielten.<\/p>\n\n\n\n<p>Vor dem Grillen stellte Herr M\u00fcller in einem Vortrag das\nUnternehmen \u201eKies \u2013 Asphalt \u2013 Transportbeton Werk Oberland\nRolf Strohmaier GmbH\u201c vor, welches in der Steine- und Erden-Industrie\nt\u00e4tig ist und seit 1981 zur Wegener Gruppe (Hannover) geh\u00f6rt.<\/p>\n\n\n\n<p>Des Weiteren stellte Herr Glaser in einem Vortrag die \u201eHartsteinwerke\nThomas GmbH &amp; Co. KG\u201c vor, welcher zur MHI-Gruppe (Mitteldeutsche Hartstein\nIndustrie) geh\u00f6ren. Dabei unterst\u00fctzten Herr M\u00fcller und Herr Glaser Ihre\nVortr\u00e4ge gegenseitig.<\/p>\n\n\n\n<p>In den Vortr\u00e4gen wurde auf die Gewinnung der Rohstoffe, deren Aufbereitung und die Neuerschlie\u00dfung weiterer Lagerst\u00e4tten eingegangen. Dabei lag auch ein Fokus der Vortr\u00e4ge auf dem Aufgabenspektrum von Ingenieuren in der Rohstoffindustrie.<\/p>\n\n\n\n<p>Die Zuh\u00f6rerschaft konnte w\u00e4hrend der Vortr\u00e4ge von den Erfahrungen der beiden Bergbau-Ingenieure profitieren, da pers\u00f6nliche Erfahrungen weitergegeben und besprochen wurden. Auftretende Fragen wurden direkt im Anschluss an die beiden Vortr\u00e4ge beantwortet.<\/p>\n\n\n\n<p>Im Anschluss an den Vortrag erfolgte das gemeinsame Sommer-Grillen mit Mitgliedern unserem Bezirksvereines, sowie den Institutsmitarbeitern des Tagebau-Instituts der TU Bergakademie Freiberg.<\/p>\n\n\n\n<p>Einen gro\u00dfer Dank gilt Herrn M\u00fcller und Herrn Glaser f\u00fcr die Vortr\u00e4ge und den anregenden Erfahrungsaustausch im Anschluss. Einen besonderen Dank an Herrn M\u00fcller f\u00fcr Unterst\u00fctzung des Grillens mit dem Spezialbier \u201eKnappentrunk\u201c der Pl\u00f6tz-Brau<sup>2<\/sup>-Brauerei, sowie eigens mitgebrachten Rehfilet.<\/p>\n\n\n\n<p>Wir danken f\u00fcr das Zahlreiche Erscheinen und hoffen auf ein Wiedersehen beim Sommergrillen 2023.<\/p>\n\n\n\n<style type=\"text\/css\">\n#foogallery-gallery-455 .fg-image { width: 150px; }\n#foogallery-gallery-455 { --fg-gutter: 10px; }<\/style>\n\t\t\t<div class=\"foogallery foogallery-container foogallery-default foogallery-lightbox-none fg-center fg-default fg-ready fg-light fg-border-thin fg-shadow-outline fg-loading-default fg-loaded-fade-in fg-caption-hover fg-hover-fade fg-hover-zoom\" id=\"foogallery-gallery-455\" data-foogallery=\"{&quot;item&quot;:{&quot;showCaptionTitle&quot;:true,&quot;showCaptionDescription&quot;:true},&quot;lazy&quot;:true}\" style=\"--fg-title-line-clamp: 0; --fg-description-line-clamp: 0;\" >\n\t<div class=\"fg-item fg-type-image fg-idle\"><figure class=\"fg-item-inner\"><a href=\"http:\/\/www.rdb-freiberg.de\/wp-content\/uploads\/2022\/07\/20220714_RDB_Sommergrillen_2022-scaled.jpg\" data-attachment-id=\"454\" data-type=\"image\" class=\"fg-thumb\"><span class=\"fg-image-wrap\"><img decoding=\"async\" width=\"150\" height=\"150\" class=\"skip-lazy fg-image\" data-src-fg=\"http:\/\/www.rdb-freiberg.de\/wp-content\/uploads\/cache\/2022\/07\/20220714_RDB_Sommergrillen_2022-scaled\/2204783080.jpg\" src=\"data:image\/svg+xml,%3Csvg%20xmlns%3D%22http%3A%2F%2Fwww.w3.org%2F2000%2Fsvg%22%20width%3D%22150%22%20height%3D%22150%22%20viewBox%3D%220%200%20150%20150%22%3E%3C%2Fsvg%3E\" loading=\"eager\"><\/span><span class=\"fg-image-overlay\"><\/span><\/a><\/figure><div class=\"fg-loader\"><\/div><\/div><\/div>\n\n","protected":false},"excerpt":{"rendered":"<p>Wie in den vergangenen Jahren, fand am 14. Juli 2022 wieder das traditionelle Sommergrillen des RDB BV Bergakademie Freibergs statt. Zum diesj\u00e4hrigen Sommergrillen konnten wir uns erneut \u00fcber einen Besuch von Herrn M\u00fcller aus dem Hauptvorstand und dem BV Pei\u00dfenberg und Herrn Glaser freuen, welche Fachvortr\u00e4ge \u00fcber die Werksteingewinnung im Tagebautechnikum hielten. Vor dem Grillen &hellip; <\/p>\n<p><a class=\"more-link btn\" href=\"http:\/\/www.rdb-freiberg.de\/?page_id=450\">Weiterlesen<\/a><\/p>\n","protected":false},"author":1,"featured_media":0,"parent":186,"menu_order":-5,"comment_status":"closed","ping_status":"closed","template":"","meta":{"footnotes":""},"class_list":["post-450","page","type-page","status-publish","hentry","nodate","item-wrap"],"yoast_head":"<!-- This site is optimized with the Yoast SEO plugin v27.5 - https:\/\/yoast.com\/product\/yoast-seo-wordpress\/ -->\n<title>Sommergrillen 2022 - RDB e.V. BV Bergakademie Freiberg<\/title>\n<meta name=\"robots\" content=\"index, follow, max-snippet:-1, max-image-preview:large, max-video-preview:-1\" \/>\n<link rel=\"canonical\" href=\"http:\/\/www.rdb-freiberg.de\/?page_id=450\" \/>\n<meta property=\"og:locale\" content=\"de_DE\" \/>\n<meta property=\"og:type\" content=\"article\" \/>\n<meta property=\"og:title\" content=\"Sommergrillen 2022 - RDB e.V. BV Bergakademie Freiberg\" \/>\n<meta property=\"og:description\" content=\"Wie in den vergangenen Jahren, fand am 14. Juli 2022 wieder das traditionelle Sommergrillen des RDB BV Bergakademie Freibergs statt. Zum diesj\u00e4hrigen Sommergrillen konnten wir uns erneut \u00fcber einen Besuch von Herrn M\u00fcller aus dem Hauptvorstand und dem BV Pei\u00dfenberg und Herrn Glaser freuen, welche Fachvortr\u00e4ge \u00fcber die Werksteingewinnung im Tagebautechnikum hielten. Vor dem Grillen &hellip; Weiterlesen\" \/>\n<meta property=\"og:url\" content=\"http:\/\/www.rdb-freiberg.de\/?page_id=450\" \/>\n<meta property=\"og:site_name\" content=\"RDB e.V. BV Bergakademie Freiberg\" \/>\n<meta property=\"article:modified_time\" content=\"2022-07-24T12:20:22+00:00\" \/>\n<meta name=\"twitter:card\" content=\"summary_large_image\" \/>\n<meta name=\"twitter:label1\" content=\"Gesch\u00e4tzte Lesezeit\" \/>\n\t<meta name=\"twitter:data1\" content=\"2\u00a0Minuten\" \/>\n<script type=\"application\/ld+json\" class=\"yoast-schema-graph\">{\"@context\":\"https:\\\/\\\/schema.org\",\"@graph\":[{\"@type\":\"WebPage\",\"@id\":\"http:\\\/\\\/www.rdb-freiberg.de\\\/?page_id=450\",\"url\":\"http:\\\/\\\/www.rdb-freiberg.de\\\/?page_id=450\",\"name\":\"Sommergrillen 2022 - RDB e.V. BV Bergakademie Freiberg\",\"isPartOf\":{\"@id\":\"http:\\\/\\\/www.rdb-freiberg.de\\\/#website\"},\"datePublished\":\"2022-07-24T12:16:33+00:00\",\"dateModified\":\"2022-07-24T12:20:22+00:00\",\"breadcrumb\":{\"@id\":\"http:\\\/\\\/www.rdb-freiberg.de\\\/?page_id=450#breadcrumb\"},\"inLanguage\":\"de\",\"potentialAction\":[{\"@type\":\"ReadAction\",\"target\":[\"http:\\\/\\\/www.rdb-freiberg.de\\\/?page_id=450\"]}]},{\"@type\":\"BreadcrumbList\",\"@id\":\"http:\\\/\\\/www.rdb-freiberg.de\\\/?page_id=450#breadcrumb\",\"itemListElement\":[{\"@type\":\"ListItem\",\"position\":1,\"name\":\"Startseite\",\"item\":\"http:\\\/\\\/www.rdb-freiberg.de\\\/\"},{\"@type\":\"ListItem\",\"position\":2,\"name\":\"Berichte\",\"item\":\"http:\\\/\\\/www.rdb-freiberg.de\\\/?page_id=186\"},{\"@type\":\"ListItem\",\"position\":3,\"name\":\"Sommergrillen 2022\"}]},{\"@type\":\"WebSite\",\"@id\":\"http:\\\/\\\/www.rdb-freiberg.de\\\/#website\",\"url\":\"http:\\\/\\\/www.rdb-freiberg.de\\\/\",\"name\":\"RDB e.V. BV Bergakademie Freiberg\",\"description\":\"Ring Deutscher Bergingenieure TU Bergakademie Freiberg\",\"publisher\":{\"@id\":\"http:\\\/\\\/www.rdb-freiberg.de\\\/#organization\"},\"potentialAction\":[{\"@type\":\"SearchAction\",\"target\":{\"@type\":\"EntryPoint\",\"urlTemplate\":\"http:\\\/\\\/www.rdb-freiberg.de\\\/?s={search_term_string}\"},\"query-input\":{\"@type\":\"PropertyValueSpecification\",\"valueRequired\":true,\"valueName\":\"search_term_string\"}}],\"inLanguage\":\"de\"},{\"@type\":\"Organization\",\"@id\":\"http:\\\/\\\/www.rdb-freiberg.de\\\/#organization\",\"name\":\"Ring Deutscher Bergingenieure Bezirksverein Bergakademie Freiberg\",\"url\":\"http:\\\/\\\/www.rdb-freiberg.de\\\/\",\"logo\":{\"@type\":\"ImageObject\",\"inLanguage\":\"de\",\"@id\":\"http:\\\/\\\/www.rdb-freiberg.de\\\/#\\\/schema\\\/logo\\\/image\\\/\",\"url\":\"http:\\\/\\\/www.rdb-freiberg.de\\\/wp-content\\\/uploads\\\/2017\\\/12\\\/rdb-logo.jpg\",\"contentUrl\":\"http:\\\/\\\/www.rdb-freiberg.de\\\/wp-content\\\/uploads\\\/2017\\\/12\\\/rdb-logo.jpg\",\"width\":150,\"height\":150,\"caption\":\"Ring Deutscher Bergingenieure Bezirksverein Bergakademie Freiberg\"},\"image\":{\"@id\":\"http:\\\/\\\/www.rdb-freiberg.de\\\/#\\\/schema\\\/logo\\\/image\\\/\"},\"sameAs\":[\"https:\\\/\\\/de.wikipedia.org\\\/wiki\\\/Ring_Deutscher_Bergingenieure\"]}]}<\/script>\n<!-- \/ Yoast SEO plugin. -->","yoast_head_json":{"title":"Sommergrillen 2022 - RDB e.V. BV Bergakademie Freiberg","robots":{"index":"index","follow":"follow","max-snippet":"max-snippet:-1","max-image-preview":"max-image-preview:large","max-video-preview":"max-video-preview:-1"},"canonical":"http:\/\/www.rdb-freiberg.de\/?page_id=450","og_locale":"de_DE","og_type":"article","og_title":"Sommergrillen 2022 - RDB e.V. BV Bergakademie Freiberg","og_description":"Wie in den vergangenen Jahren, fand am 14. Juli 2022 wieder das traditionelle Sommergrillen des RDB BV Bergakademie Freibergs statt. Zum diesj\u00e4hrigen Sommergrillen konnten wir uns erneut \u00fcber einen Besuch von Herrn M\u00fcller aus dem Hauptvorstand und dem BV Pei\u00dfenberg und Herrn Glaser freuen, welche Fachvortr\u00e4ge \u00fcber die Werksteingewinnung im Tagebautechnikum hielten. Vor dem Grillen &hellip; Weiterlesen","og_url":"http:\/\/www.rdb-freiberg.de\/?page_id=450","og_site_name":"RDB e.V. BV Bergakademie Freiberg","article_modified_time":"2022-07-24T12:20:22+00:00","twitter_card":"summary_large_image","twitter_misc":{"Gesch\u00e4tzte Lesezeit":"2\u00a0Minuten"},"schema":{"@context":"https:\/\/schema.org","@graph":[{"@type":"WebPage","@id":"http:\/\/www.rdb-freiberg.de\/?page_id=450","url":"http:\/\/www.rdb-freiberg.de\/?page_id=450","name":"Sommergrillen 2022 - RDB e.V. BV Bergakademie Freiberg","isPartOf":{"@id":"http:\/\/www.rdb-freiberg.de\/#website"},"datePublished":"2022-07-24T12:16:33+00:00","dateModified":"2022-07-24T12:20:22+00:00","breadcrumb":{"@id":"http:\/\/www.rdb-freiberg.de\/?page_id=450#breadcrumb"},"inLanguage":"de","potentialAction":[{"@type":"ReadAction","target":["http:\/\/www.rdb-freiberg.de\/?page_id=450"]}]},{"@type":"BreadcrumbList","@id":"http:\/\/www.rdb-freiberg.de\/?page_id=450#breadcrumb","itemListElement":[{"@type":"ListItem","position":1,"name":"Startseite","item":"http:\/\/www.rdb-freiberg.de\/"},{"@type":"ListItem","position":2,"name":"Berichte","item":"http:\/\/www.rdb-freiberg.de\/?page_id=186"},{"@type":"ListItem","position":3,"name":"Sommergrillen 2022"}]},{"@type":"WebSite","@id":"http:\/\/www.rdb-freiberg.de\/#website","url":"http:\/\/www.rdb-freiberg.de\/","name":"RDB e.V. BV Bergakademie Freiberg","description":"Ring Deutscher Bergingenieure TU Bergakademie Freiberg","publisher":{"@id":"http:\/\/www.rdb-freiberg.de\/#organization"},"potentialAction":[{"@type":"SearchAction","target":{"@type":"EntryPoint","urlTemplate":"http:\/\/www.rdb-freiberg.de\/?s={search_term_string}"},"query-input":{"@type":"PropertyValueSpecification","valueRequired":true,"valueName":"search_term_string"}}],"inLanguage":"de"},{"@type":"Organization","@id":"http:\/\/www.rdb-freiberg.de\/#organization","name":"Ring Deutscher Bergingenieure Bezirksverein Bergakademie Freiberg","url":"http:\/\/www.rdb-freiberg.de\/","logo":{"@type":"ImageObject","inLanguage":"de","@id":"http:\/\/www.rdb-freiberg.de\/#\/schema\/logo\/image\/","url":"http:\/\/www.rdb-freiberg.de\/wp-content\/uploads\/2017\/12\/rdb-logo.jpg","contentUrl":"http:\/\/www.rdb-freiberg.de\/wp-content\/uploads\/2017\/12\/rdb-logo.jpg","width":150,"height":150,"caption":"Ring Deutscher Bergingenieure Bezirksverein Bergakademie Freiberg"},"image":{"@id":"http:\/\/www.rdb-freiberg.de\/#\/schema\/logo\/image\/"},"sameAs":["https:\/\/de.wikipedia.org\/wiki\/Ring_Deutscher_Bergingenieure"]}]}},"_links":{"self":[{"href":"http:\/\/www.rdb-freiberg.de\/index.php?rest_route=\/wp\/v2\/pages\/450","targetHints":{"allow":["GET"]}}],"collection":[{"href":"http:\/\/www.rdb-freiberg.de\/index.php?rest_route=\/wp\/v2\/pages"}],"about":[{"href":"http:\/\/www.rdb-freiberg.de\/index.php?rest_route=\/wp\/v2\/types\/page"}],"author":[{"embeddable":true,"href":"http:\/\/www.rdb-freiberg.de\/index.php?rest_route=\/wp\/v2\/users\/1"}],"replies":[{"embeddable":true,"href":"http:\/\/www.rdb-freiberg.de\/index.php?rest_route=%2Fwp%2Fv2%2Fcomments&post=450"}],"version-history":[{"count":3,"href":"http:\/\/www.rdb-freiberg.de\/index.php?rest_route=\/wp\/v2\/pages\/450\/revisions"}],"predecessor-version":[{"id":456,"href":"http:\/\/www.rdb-freiberg.de\/index.php?rest_route=\/wp\/v2\/pages\/450\/revisions\/456"}],"up":[{"embeddable":true,"href":"http:\/\/www.rdb-freiberg.de\/index.php?rest_route=\/wp\/v2\/pages\/186"}],"wp:attachment":[{"href":"http:\/\/www.rdb-freiberg.de\/index.php?rest_route=%2Fwp%2Fv2%2Fmedia&parent=450"}],"curies":[{"name":"wp","href":"https:\/\/api.w.org\/{rel}","templated":true}]}}