{"id":492,"date":"2023-01-22T16:11:21","date_gmt":"2023-01-22T15:11:21","guid":{"rendered":"http:\/\/www.rdb-freiberg.de\/?page_id=492"},"modified":"2023-01-22T18:25:10","modified_gmt":"2023-01-22T17:25:10","slug":"exkursionsbericht-bauma-2022","status":"publish","type":"page","link":"http:\/\/www.rdb-freiberg.de\/?page_id=492","title":{"rendered":"Exkursionsbericht \u201ebauma\u201c 2022"},"content":{"rendered":"\n<p>Autoren: David G\u00e4rtner, Alfred Geers, Leonard Gruschka, Matthias Schultheis, Cornelius Thierfelder<\/p>\n\n\n\n<h3 class=\"wp-block-heading\">Mittwoch 26.10.2022<\/h3>\n\n\n\n<p>Die diesj\u00e4hrige Gro\u00dfexkursion 2022 des RDB Bezirksverein Freibergs fand im Zeitraum vom 26.10. bis zum 28.10.2022 statt. Insgesamt acht Mitglieder, bestehend aus Studenten und Absolventen der TU Bergakademie Freiberg, nahmen die M\u00f6glichkeit wahr an der Exkursion mit dem zentralen Ziel die Bergbauleitmesse \u201ebauma\u201c in M\u00fcnchen zu besuchen stattfand.<\/p>\n\n\n\n<p>In Fahrgemeinschaften ging es am Mittwoch von Freiberg nach Oberbayern, wo man sich nach Ankunft bei einem gemeinsamen Abend mit dem Vorsitzenden des BV Pei\u00dfenberg und Mitglied des Hauptvorstandes, Martin M\u00fcller, sowie weiteren Fachkr\u00e4ften der Bergbauindustrie traf. Bei einem gemeinsamen Abendessen wurden erste Kontakte gekn\u00fcpft und aktuelle Fachthemen der Bergbauwelt diskutiert.<\/p>\n\n\n\n<p>Der Anreisetage wurde bei guten Gespr\u00e4chen, sowie dem traditionsreichen Clausthaler Mitternachtsgeschrei und dem anschlie\u00dfenden Steigerlied beendet.<\/p>\n\n\n\n<h3 class=\"wp-block-heading\">Donnerstag 27.10.2022<\/h3>\n\n\n\n<p>Der zweite Tag startete mit einem gro\u00dfz\u00fcgig angerichteten Fr\u00fchst\u00fcckstisch. Anschlie\u00dfend begab sich die Exkursionsgruppe mit Auto zum n\u00e4chstgelegenen Bahnhof um von dort aus mit dem \u00f6ffentlichen Nahverkehr zur Messe M\u00fcnchen zur \u201ebauma\u201c 2022 zu fahren.<\/p>\n\n\n\n<p>In kleinen Gruppen wurde das Messegel\u00e4nde besichtigt, auf dem rund 3200 internationale Aussteller aus verschiedenen Baubranchen vertreten waren. Von gro\u00dfem Interesse war die Halle \u201eMining Inside\u201c, in welchem Aussteller unter dem Leitthema \u201eNachhaltigkeit, effizient und zuverl\u00e4ssig\u201c neuste Trends und aktuelle Entwicklungen der Bergbauindustrie anschaulich pr\u00e4sentierten. Daneben war der Au\u00dfenbereich ein Highlight f\u00fcr jeden Besucher, da dort unter anderem gewaltige Baumaschinen, -ger\u00e4te, -fahrzeuge, sowie Bohrger\u00e4te und Hebezeuge ausgestellt waren. Diese wurden teilweise in Live-Shows dem Fachpublik um vorgestellt und ihre unterschiedlichen Funktionsweisen pr\u00e4sentiert.<\/p>\n\n\n\n<style type=\"text\/css\">\n#foogallery-gallery-488 .fg-image { width: 150px; }\n#foogallery-gallery-488 { --fg-gutter: 10px; }<\/style>\n\t\t\t<div class=\"foogallery foogallery-container foogallery-default foogallery-lightbox-none fg-center fg-default fg-ready fg-light fg-border-thin fg-shadow-outline fg-loading-default fg-loaded-fade-in fg-caption-hover fg-hover-fade fg-hover-zoom\" id=\"foogallery-gallery-488\" data-foogallery=\"{&quot;item&quot;:{&quot;showCaptionTitle&quot;:true,&quot;showCaptionDescription&quot;:true},&quot;lazy&quot;:true}\" style=\"--fg-title-line-clamp: 0; --fg-description-line-clamp: 0;\" >\n\t<div class=\"fg-item fg-type-image fg-idle\"><figure class=\"fg-item-inner\"><a href=\"http:\/\/www.rdb-freiberg.de\/wp-content\/uploads\/2023\/01\/WhatsApp-Image-2022-10-28-at-21.09.27.jpeg\" data-caption-desc=\"Baumaschinenvorf\u00fchrung von Komatsu auf der bauma 2022\" data-attachment-id=\"498\" data-type=\"image\" class=\"fg-thumb\"><span class=\"fg-image-wrap\"><img decoding=\"async\" width=\"150\" height=\"150\" class=\"skip-lazy fg-image\" data-src-fg=\"http:\/\/www.rdb-freiberg.de\/wp-content\/uploads\/cache\/2023\/01\/WhatsApp-Image-2022-10-28-at-21_09_27\/3616420574.jpeg\" src=\"data:image\/svg+xml,%3Csvg%20xmlns%3D%22http%3A%2F%2Fwww.w3.org%2F2000%2Fsvg%22%20width%3D%22150%22%20height%3D%22150%22%20viewBox%3D%220%200%20150%20150%22%3E%3C%2Fsvg%3E\" loading=\"eager\"><\/span><span class=\"fg-image-overlay\"><\/span><\/a><figcaption class=\"fg-caption\"><div class=\"fg-caption-inner\"><div class=\"fg-caption-desc\">Baumaschinenvorf\u00fchrung von Komatsu auf der bauma 2022<\/div><\/div><\/figcaption><\/figure><div class=\"fg-loader\"><\/div><\/div><\/div>\n\n\n\n\n<h6 class=\"wp-block-heading\">Abbildung 1: Baumaschinenvorf\u00fchrung von Komatsu auf der bauma 2022; Foto: Andr\u00e9 W\u00fcrker<\/h6>\n\n\n\n<p>Die gesamte Messe stand unter den Leitthemen \u201eBauweisen und Materialien von Morgen\u201c, \u201eDer Weg zur autonomen Maschine\u201c, \u201eDigitale Baustelle\u201c, \u201eDer Weg zur Null-Emission\u201c, welche an den Messest\u00e4nden unterschiedlich aufgegriffen und ausgelegt wurden. So begeisterte z.B. der elektrisch angetriebene Hochl\u00f6ffelbagger PC4000 von Komatsu, welcher auf der Messe als gr\u00f6\u00dfte Gewinnungsmaschine mit einer Leistung von 1350 kW ausgestellt war.<\/p>\n\n\n\n<p>Nach einem interessanten und dennoch anstrengenden Tag mit vielen Eindr\u00fccken und Fachgespr\u00e4chen erfolgte die R\u00fcckfahrt zur gemeinsamen Unterkunft. Bei einem weiteren gemeinsamen Abendessen wurden die Eindr\u00fccke des Tages und gegenseitige Empfehlungen besonderer Unternehmen f\u00fcr den kommenden Tag auf der \u201ebauma\u201c diskutiert.<\/p>\n\n\n\n<p>Zum Abschluss des Abends erfolgte ein Vortrag durch Martin M\u00fcller, in dem er neben dem Pei\u00dfenberger Kohlenbergbau insbesondere die Kiesgruben der Rolf Strohmaier GmbH vorstellte. Unter anderem wurde die Geologie, die Genese der Lagerst\u00e4tte sowie das Firmenprofil erl\u00e4utert. Als besondere Neuheit wurde die Nassgewinnung mittels Schwimmgreifer-Bagger in der Kiesgrube Werk III Oberland hervorgehoben.<\/p>\n\n\n\n<h3 class=\"wp-block-heading\">Freitag 28.10.2022:<\/h3>\n\n\n\n<p>Der dritte und letzte Exkursionstag begann nach einem gemeinsamen Fr\u00fchst\u00fcck mit der Fahrt zur, am Vortag erw\u00e4hnten Kiesgrube Werk III Oberland der Strohmeier GmbH. Das Werk dient der Gewinnung von Kiesen und Sanden im Trocken- und Nassabbau. Zudem wird an diesem Standort Baustoff-Recycling betrieben.<\/p>\n\n\n\n<p>W\u00e4hrend der Befahrung des Betriebsgel\u00e4ndes konnte besonders beobachtet werden, dass durch die hohen Dr\u00fccke der glazialen Lagerst\u00e4ttenentstehung der Sand und Kies so stark kompaktiert wurde, dass im Abbauprozess Steilw\u00e4nde von mehreren Metern M\u00e4chtigkeit entstehen.<\/p>\n\n\n\n<p>Neben der Gewinnung des Rohstoffes konnten die F\u00f6rdersysteme, sowie die Wasch- und Klassieranlagen betrachtet werden. Das Material wird unter anderem in der werkseigenen Betonmischanlage zu verschiedenen Betonqualit\u00e4ten weiterverarbeitet.<\/p>\n\n\n\n<style type=\"text\/css\">\n#foogallery-gallery-501 .fg-image { width: 150px; }\n#foogallery-gallery-501 { --fg-gutter: 10px; }<\/style>\n\t\t\t<div class=\"foogallery foogallery-container foogallery-default foogallery-lightbox-none fg-center fg-default fg-ready fg-light fg-border-thin fg-shadow-outline fg-loading-default fg-loaded-fade-in fg-caption-hover fg-hover-fade fg-hover-zoom\" id=\"foogallery-gallery-501\" data-foogallery=\"{&quot;item&quot;:{&quot;showCaptionTitle&quot;:true,&quot;showCaptionDescription&quot;:true},&quot;lazy&quot;:true}\" style=\"--fg-title-line-clamp: 0; --fg-description-line-clamp: 0;\" >\n\t<div class=\"fg-item fg-type-image fg-idle\"><figure class=\"fg-item-inner\"><a href=\"http:\/\/www.rdb-freiberg.de\/wp-content\/uploads\/2023\/01\/20221028_085250-scaled.jpg\" data-caption-desc=\"Radlader als Gewinnungs- und F\u00f6rdermaschine zur Trockengewinnung in der Kiesgrube Werk III Oberland\" data-attachment-id=\"496\" data-type=\"image\" class=\"fg-thumb\"><span class=\"fg-image-wrap\"><img decoding=\"async\" width=\"150\" height=\"150\" class=\"skip-lazy fg-image\" data-src-fg=\"http:\/\/www.rdb-freiberg.de\/wp-content\/uploads\/cache\/2023\/01\/20221028_085250-scaled\/1347276674.jpg\" src=\"data:image\/svg+xml,%3Csvg%20xmlns%3D%22http%3A%2F%2Fwww.w3.org%2F2000%2Fsvg%22%20width%3D%22150%22%20height%3D%22150%22%20viewBox%3D%220%200%20150%20150%22%3E%3C%2Fsvg%3E\" loading=\"eager\"><\/span><span class=\"fg-image-overlay\"><\/span><\/a><figcaption class=\"fg-caption\"><div class=\"fg-caption-inner\"><div class=\"fg-caption-desc\">Radlader als Gewinnungs- und F\u00f6rdermaschine zur Trockengewinnung in der Kiesgrube Werk III Oberland<\/div><\/div><\/figcaption><\/figure><div class=\"fg-loader\"><\/div><\/div><\/div>\n\n\n\n\n<h6 class=\"wp-block-heading\">Abbildung 2: Radlader als Gewinnungs- und F\u00f6rdermaschine zur Trockengewinnung in der Kiesgrube Werk III Oberland, Foto: Sophia Will<\/h6>\n\n\n\n<p>Als besonderes Highlight erfolgte die Befahrung des Schwimm-Greifer-Baggers, dem derzeitig gr\u00f6\u00dften Gewinnungsger\u00e4t Bayerns.<\/p>\n\n\n\n<p>Bei der Vorstellung am Vorabend wurde dargestellt, wie durch ein Hochwasser vor \u00fcber 30 Jahren die Idee entstand, die Kies- und Sandgewinnung langfristig vom Trockenabbau zu einem Nassabbau umzubauen. Nach mehrj\u00e4hriger Planung wurde in diesem Jahr ein Schwimm-Greifer-Bagger in Betrieb genommen.<\/p>\n\n\n\n<p>&nbsp;W\u00e4hrend der Besichtigung des Gro\u00dfger\u00e4tes wurde die Funktionsweise, die einzelnen Arbeitsschritte und Komponenten dargelegt. W\u00e4hrend der Vorf\u00fchrung der Gewinnung im Nassabbau, wurde der derzeitig durchgef\u00fchrten Probebetrieb diskutiert.<\/p>\n\n\n\n<style type=\"text\/css\">\n#foogallery-gallery-500 .fg-image { width: 150px; }\n#foogallery-gallery-500 { --fg-gutter: 10px; }<\/style>\n\t\t\t<div class=\"foogallery foogallery-container foogallery-default foogallery-lightbox-none fg-center fg-default fg-ready fg-light fg-border-thin fg-shadow-outline fg-loading-default fg-loaded-fade-in fg-caption-hover fg-hover-fade fg-hover-zoom\" id=\"foogallery-gallery-500\" data-foogallery=\"{&quot;item&quot;:{&quot;showCaptionTitle&quot;:true,&quot;showCaptionDescription&quot;:true},&quot;lazy&quot;:true}\" style=\"--fg-title-line-clamp: 0; --fg-description-line-clamp: 0;\" >\n\t<div class=\"fg-item fg-type-image fg-idle\"><figure class=\"fg-item-inner\"><a href=\"http:\/\/www.rdb-freiberg.de\/wp-content\/uploads\/2023\/01\/20221028_095800-scaled.jpg\" data-caption-desc=\"Exkursionsteilnehmer mit Martin M\u00fcller vor dem Greifer des Seilbaggers in der Kiesgrube Werk III Oberland\" data-attachment-id=\"497\" data-type=\"image\" class=\"fg-thumb\"><span class=\"fg-image-wrap\"><img decoding=\"async\" width=\"150\" height=\"150\" class=\"skip-lazy fg-image\" data-src-fg=\"http:\/\/www.rdb-freiberg.de\/wp-content\/uploads\/cache\/2023\/01\/20221028_095800-scaled\/4202822918.jpg\" src=\"data:image\/svg+xml,%3Csvg%20xmlns%3D%22http%3A%2F%2Fwww.w3.org%2F2000%2Fsvg%22%20width%3D%22150%22%20height%3D%22150%22%20viewBox%3D%220%200%20150%20150%22%3E%3C%2Fsvg%3E\" loading=\"eager\"><\/span><span class=\"fg-image-overlay\"><\/span><\/a><figcaption class=\"fg-caption\"><div class=\"fg-caption-inner\"><div class=\"fg-caption-desc\">Exkursionsteilnehmer mit Martin M\u00fcller vor dem Greifer des Seilbaggers in der Kiesgrube Werk III Oberland<\/div><\/div><\/figcaption><\/figure><div class=\"fg-loader\"><\/div><\/div><\/div>\n\n\n\n\n<h6 class=\"wp-block-heading\">Abbildung 3: Exkursionsteilnehmer mit Martin M\u00fcller vor dem Greifer des Seilbaggers in der Kiesgrube Werk III Oberland, Foto: Sophia Will<\/h6>\n\n\n\n<p>Im Anschluss an die Befahrung der Kiesgrube Werk III Oberland wurde die M\u00f6glichkeit genutzt die \u201ebauma\u201c in M\u00fcnchen ein weiteres Mal zu besuchen und den Empfehlungen des Vorabends nachzukommen.<\/p>\n\n\n\n<p>Am Nachmittag erfolgte die gemeinsame R\u00fcckreise nach Freiberg.<\/p>\n\n\n\n<p>An dieser Stelle danken wir allen Unterst\u00fctzern der Gro\u00dfexkursion 2022, insbesondere Herrn Martin M\u00fcller!<\/p>\n","protected":false},"excerpt":{"rendered":"<p>Autoren: David G\u00e4rtner, Alfred Geers, Leonard Gruschka, Matthias Schultheis, Cornelius Thierfelder Mittwoch 26.10.2022 Die diesj\u00e4hrige Gro\u00dfexkursion 2022 des RDB Bezirksverein Freibergs fand im Zeitraum vom 26.10. bis zum 28.10.2022 statt. Insgesamt acht Mitglieder, bestehend aus Studenten und Absolventen der TU Bergakademie Freiberg, nahmen die M\u00f6glichkeit wahr an der Exkursion mit dem zentralen Ziel die Bergbauleitmesse &hellip; <\/p>\n<p><a class=\"more-link btn\" href=\"http:\/\/www.rdb-freiberg.de\/?page_id=492\">Weiterlesen<\/a><\/p>\n","protected":false},"author":1,"featured_media":497,"parent":186,"menu_order":-6,"comment_status":"closed","ping_status":"closed","template":"","meta":{"footnotes":""},"class_list":["post-492","page","type-page","status-publish","has-post-thumbnail","hentry","nodate","item-wrap"],"yoast_head":"<!-- This site is optimized with the Yoast SEO plugin v27.5 - https:\/\/yoast.com\/product\/yoast-seo-wordpress\/ -->\n<title>Exkursionsbericht \u201ebauma\u201c 2022 - RDB e.V. BV Bergakademie Freiberg<\/title>\n<meta name=\"robots\" content=\"index, follow, max-snippet:-1, max-image-preview:large, max-video-preview:-1\" \/>\n<link rel=\"canonical\" href=\"http:\/\/www.rdb-freiberg.de\/?page_id=492\" \/>\n<meta property=\"og:locale\" content=\"de_DE\" \/>\n<meta property=\"og:type\" content=\"article\" \/>\n<meta property=\"og:title\" content=\"Exkursionsbericht \u201ebauma\u201c 2022 - RDB e.V. BV Bergakademie Freiberg\" \/>\n<meta property=\"og:description\" content=\"Autoren: David G\u00e4rtner, Alfred Geers, Leonard Gruschka, Matthias Schultheis, Cornelius Thierfelder Mittwoch 26.10.2022 Die diesj\u00e4hrige Gro\u00dfexkursion 2022 des RDB Bezirksverein Freibergs fand im Zeitraum vom 26.10. bis zum 28.10.2022 statt. Insgesamt acht Mitglieder, bestehend aus Studenten und Absolventen der TU Bergakademie Freiberg, nahmen die M\u00f6glichkeit wahr an der Exkursion mit dem zentralen Ziel die Bergbauleitmesse &hellip; Weiterlesen\" \/>\n<meta property=\"og:url\" content=\"http:\/\/www.rdb-freiberg.de\/?page_id=492\" \/>\n<meta property=\"og:site_name\" content=\"RDB e.V. BV Bergakademie Freiberg\" \/>\n<meta property=\"article:modified_time\" content=\"2023-01-22T17:25:10+00:00\" \/>\n<meta property=\"og:image\" content=\"http:\/\/www.rdb-freiberg.de\/wp-content\/uploads\/2023\/01\/20221028_095800-scaled.jpg\" \/>\n\t<meta property=\"og:image:width\" content=\"2560\" \/>\n\t<meta property=\"og:image:height\" content=\"1920\" \/>\n\t<meta property=\"og:image:type\" content=\"image\/jpeg\" \/>\n<meta name=\"twitter:card\" content=\"summary_large_image\" \/>\n<meta name=\"twitter:label1\" content=\"Gesch\u00e4tzte Lesezeit\" \/>\n\t<meta name=\"twitter:data1\" content=\"4\u00a0Minuten\" \/>\n<script type=\"application\/ld+json\" class=\"yoast-schema-graph\">{\"@context\":\"https:\\\/\\\/schema.org\",\"@graph\":[{\"@type\":\"WebPage\",\"@id\":\"http:\\\/\\\/www.rdb-freiberg.de\\\/?page_id=492\",\"url\":\"http:\\\/\\\/www.rdb-freiberg.de\\\/?page_id=492\",\"name\":\"Exkursionsbericht \u201ebauma\u201c 2022 - RDB e.V. BV Bergakademie Freiberg\",\"isPartOf\":{\"@id\":\"http:\\\/\\\/www.rdb-freiberg.de\\\/#website\"},\"primaryImageOfPage\":{\"@id\":\"http:\\\/\\\/www.rdb-freiberg.de\\\/?page_id=492#primaryimage\"},\"image\":{\"@id\":\"http:\\\/\\\/www.rdb-freiberg.de\\\/?page_id=492#primaryimage\"},\"thumbnailUrl\":\"http:\\\/\\\/www.rdb-freiberg.de\\\/wp-content\\\/uploads\\\/2023\\\/01\\\/20221028_095800-scaled.jpg\",\"datePublished\":\"2023-01-22T15:11:21+00:00\",\"dateModified\":\"2023-01-22T17:25:10+00:00\",\"breadcrumb\":{\"@id\":\"http:\\\/\\\/www.rdb-freiberg.de\\\/?page_id=492#breadcrumb\"},\"inLanguage\":\"de\",\"potentialAction\":[{\"@type\":\"ReadAction\",\"target\":[\"http:\\\/\\\/www.rdb-freiberg.de\\\/?page_id=492\"]}]},{\"@type\":\"ImageObject\",\"inLanguage\":\"de\",\"@id\":\"http:\\\/\\\/www.rdb-freiberg.de\\\/?page_id=492#primaryimage\",\"url\":\"http:\\\/\\\/www.rdb-freiberg.de\\\/wp-content\\\/uploads\\\/2023\\\/01\\\/20221028_095800-scaled.jpg\",\"contentUrl\":\"http:\\\/\\\/www.rdb-freiberg.de\\\/wp-content\\\/uploads\\\/2023\\\/01\\\/20221028_095800-scaled.jpg\",\"width\":2560,\"height\":1920},{\"@type\":\"BreadcrumbList\",\"@id\":\"http:\\\/\\\/www.rdb-freiberg.de\\\/?page_id=492#breadcrumb\",\"itemListElement\":[{\"@type\":\"ListItem\",\"position\":1,\"name\":\"Startseite\",\"item\":\"http:\\\/\\\/www.rdb-freiberg.de\\\/\"},{\"@type\":\"ListItem\",\"position\":2,\"name\":\"Berichte\",\"item\":\"http:\\\/\\\/www.rdb-freiberg.de\\\/?page_id=186\"},{\"@type\":\"ListItem\",\"position\":3,\"name\":\"Exkursionsbericht \u201ebauma\u201c 2022\"}]},{\"@type\":\"WebSite\",\"@id\":\"http:\\\/\\\/www.rdb-freiberg.de\\\/#website\",\"url\":\"http:\\\/\\\/www.rdb-freiberg.de\\\/\",\"name\":\"RDB e.V. BV Bergakademie Freiberg\",\"description\":\"Ring Deutscher Bergingenieure TU Bergakademie Freiberg\",\"publisher\":{\"@id\":\"http:\\\/\\\/www.rdb-freiberg.de\\\/#organization\"},\"potentialAction\":[{\"@type\":\"SearchAction\",\"target\":{\"@type\":\"EntryPoint\",\"urlTemplate\":\"http:\\\/\\\/www.rdb-freiberg.de\\\/?s={search_term_string}\"},\"query-input\":{\"@type\":\"PropertyValueSpecification\",\"valueRequired\":true,\"valueName\":\"search_term_string\"}}],\"inLanguage\":\"de\"},{\"@type\":\"Organization\",\"@id\":\"http:\\\/\\\/www.rdb-freiberg.de\\\/#organization\",\"name\":\"Ring Deutscher Bergingenieure Bezirksverein Bergakademie Freiberg\",\"url\":\"http:\\\/\\\/www.rdb-freiberg.de\\\/\",\"logo\":{\"@type\":\"ImageObject\",\"inLanguage\":\"de\",\"@id\":\"http:\\\/\\\/www.rdb-freiberg.de\\\/#\\\/schema\\\/logo\\\/image\\\/\",\"url\":\"http:\\\/\\\/www.rdb-freiberg.de\\\/wp-content\\\/uploads\\\/2017\\\/12\\\/rdb-logo.jpg\",\"contentUrl\":\"http:\\\/\\\/www.rdb-freiberg.de\\\/wp-content\\\/uploads\\\/2017\\\/12\\\/rdb-logo.jpg\",\"width\":150,\"height\":150,\"caption\":\"Ring Deutscher Bergingenieure Bezirksverein Bergakademie Freiberg\"},\"image\":{\"@id\":\"http:\\\/\\\/www.rdb-freiberg.de\\\/#\\\/schema\\\/logo\\\/image\\\/\"},\"sameAs\":[\"https:\\\/\\\/de.wikipedia.org\\\/wiki\\\/Ring_Deutscher_Bergingenieure\"]}]}<\/script>\n<!-- \/ Yoast SEO plugin. -->","yoast_head_json":{"title":"Exkursionsbericht \u201ebauma\u201c 2022 - RDB e.V. BV Bergakademie Freiberg","robots":{"index":"index","follow":"follow","max-snippet":"max-snippet:-1","max-image-preview":"max-image-preview:large","max-video-preview":"max-video-preview:-1"},"canonical":"http:\/\/www.rdb-freiberg.de\/?page_id=492","og_locale":"de_DE","og_type":"article","og_title":"Exkursionsbericht \u201ebauma\u201c 2022 - RDB e.V. BV Bergakademie Freiberg","og_description":"Autoren: David G\u00e4rtner, Alfred Geers, Leonard Gruschka, Matthias Schultheis, Cornelius Thierfelder Mittwoch 26.10.2022 Die diesj\u00e4hrige Gro\u00dfexkursion 2022 des RDB Bezirksverein Freibergs fand im Zeitraum vom 26.10. bis zum 28.10.2022 statt. Insgesamt acht Mitglieder, bestehend aus Studenten und Absolventen der TU Bergakademie Freiberg, nahmen die M\u00f6glichkeit wahr an der Exkursion mit dem zentralen Ziel die Bergbauleitmesse &hellip; Weiterlesen","og_url":"http:\/\/www.rdb-freiberg.de\/?page_id=492","og_site_name":"RDB e.V. BV Bergakademie Freiberg","article_modified_time":"2023-01-22T17:25:10+00:00","og_image":[{"width":2560,"height":1920,"url":"http:\/\/www.rdb-freiberg.de\/wp-content\/uploads\/2023\/01\/20221028_095800-scaled.jpg","type":"image\/jpeg"}],"twitter_card":"summary_large_image","twitter_misc":{"Gesch\u00e4tzte Lesezeit":"4\u00a0Minuten"},"schema":{"@context":"https:\/\/schema.org","@graph":[{"@type":"WebPage","@id":"http:\/\/www.rdb-freiberg.de\/?page_id=492","url":"http:\/\/www.rdb-freiberg.de\/?page_id=492","name":"Exkursionsbericht \u201ebauma\u201c 2022 - RDB e.V. BV Bergakademie Freiberg","isPartOf":{"@id":"http:\/\/www.rdb-freiberg.de\/#website"},"primaryImageOfPage":{"@id":"http:\/\/www.rdb-freiberg.de\/?page_id=492#primaryimage"},"image":{"@id":"http:\/\/www.rdb-freiberg.de\/?page_id=492#primaryimage"},"thumbnailUrl":"http:\/\/www.rdb-freiberg.de\/wp-content\/uploads\/2023\/01\/20221028_095800-scaled.jpg","datePublished":"2023-01-22T15:11:21+00:00","dateModified":"2023-01-22T17:25:10+00:00","breadcrumb":{"@id":"http:\/\/www.rdb-freiberg.de\/?page_id=492#breadcrumb"},"inLanguage":"de","potentialAction":[{"@type":"ReadAction","target":["http:\/\/www.rdb-freiberg.de\/?page_id=492"]}]},{"@type":"ImageObject","inLanguage":"de","@id":"http:\/\/www.rdb-freiberg.de\/?page_id=492#primaryimage","url":"http:\/\/www.rdb-freiberg.de\/wp-content\/uploads\/2023\/01\/20221028_095800-scaled.jpg","contentUrl":"http:\/\/www.rdb-freiberg.de\/wp-content\/uploads\/2023\/01\/20221028_095800-scaled.jpg","width":2560,"height":1920},{"@type":"BreadcrumbList","@id":"http:\/\/www.rdb-freiberg.de\/?page_id=492#breadcrumb","itemListElement":[{"@type":"ListItem","position":1,"name":"Startseite","item":"http:\/\/www.rdb-freiberg.de\/"},{"@type":"ListItem","position":2,"name":"Berichte","item":"http:\/\/www.rdb-freiberg.de\/?page_id=186"},{"@type":"ListItem","position":3,"name":"Exkursionsbericht \u201ebauma\u201c 2022"}]},{"@type":"WebSite","@id":"http:\/\/www.rdb-freiberg.de\/#website","url":"http:\/\/www.rdb-freiberg.de\/","name":"RDB e.V. BV Bergakademie Freiberg","description":"Ring Deutscher Bergingenieure TU Bergakademie Freiberg","publisher":{"@id":"http:\/\/www.rdb-freiberg.de\/#organization"},"potentialAction":[{"@type":"SearchAction","target":{"@type":"EntryPoint","urlTemplate":"http:\/\/www.rdb-freiberg.de\/?s={search_term_string}"},"query-input":{"@type":"PropertyValueSpecification","valueRequired":true,"valueName":"search_term_string"}}],"inLanguage":"de"},{"@type":"Organization","@id":"http:\/\/www.rdb-freiberg.de\/#organization","name":"Ring Deutscher Bergingenieure Bezirksverein Bergakademie Freiberg","url":"http:\/\/www.rdb-freiberg.de\/","logo":{"@type":"ImageObject","inLanguage":"de","@id":"http:\/\/www.rdb-freiberg.de\/#\/schema\/logo\/image\/","url":"http:\/\/www.rdb-freiberg.de\/wp-content\/uploads\/2017\/12\/rdb-logo.jpg","contentUrl":"http:\/\/www.rdb-freiberg.de\/wp-content\/uploads\/2017\/12\/rdb-logo.jpg","width":150,"height":150,"caption":"Ring Deutscher Bergingenieure Bezirksverein Bergakademie Freiberg"},"image":{"@id":"http:\/\/www.rdb-freiberg.de\/#\/schema\/logo\/image\/"},"sameAs":["https:\/\/de.wikipedia.org\/wiki\/Ring_Deutscher_Bergingenieure"]}]}},"_links":{"self":[{"href":"http:\/\/www.rdb-freiberg.de\/index.php?rest_route=\/wp\/v2\/pages\/492","targetHints":{"allow":["GET"]}}],"collection":[{"href":"http:\/\/www.rdb-freiberg.de\/index.php?rest_route=\/wp\/v2\/pages"}],"about":[{"href":"http:\/\/www.rdb-freiberg.de\/index.php?rest_route=\/wp\/v2\/types\/page"}],"author":[{"embeddable":true,"href":"http:\/\/www.rdb-freiberg.de\/index.php?rest_route=\/wp\/v2\/users\/1"}],"replies":[{"embeddable":true,"href":"http:\/\/www.rdb-freiberg.de\/index.php?rest_route=%2Fwp%2Fv2%2Fcomments&post=492"}],"version-history":[{"count":2,"href":"http:\/\/www.rdb-freiberg.de\/index.php?rest_route=\/wp\/v2\/pages\/492\/revisions"}],"predecessor-version":[{"id":502,"href":"http:\/\/www.rdb-freiberg.de\/index.php?rest_route=\/wp\/v2\/pages\/492\/revisions\/502"}],"up":[{"embeddable":true,"href":"http:\/\/www.rdb-freiberg.de\/index.php?rest_route=\/wp\/v2\/pages\/186"}],"wp:featuredmedia":[{"embeddable":true,"href":"http:\/\/www.rdb-freiberg.de\/index.php?rest_route=\/wp\/v2\/media\/497"}],"wp:attachment":[{"href":"http:\/\/www.rdb-freiberg.de\/index.php?rest_route=%2Fwp%2Fv2%2Fmedia&parent=492"}],"curies":[{"name":"wp","href":"https:\/\/api.w.org\/{rel}","templated":true}]}}