{"id":70,"date":"2017-12-01T14:10:18","date_gmt":"2017-12-01T14:10:18","guid":{"rendered":"http:\/\/rdb-freiberg.de\/?page_id=70"},"modified":"2022-03-19T12:28:15","modified_gmt":"2022-03-19T11:28:15","slug":"veranstaltungen","status":"publish","type":"page","link":"http:\/\/www.rdb-freiberg.de\/?page_id=70","title":{"rendered":"Veranstaltungen"},"content":{"rendered":"<p>Diese Seite wird von Events Made Easy verwendet! Ver\u00e4ndere sie nicht, verwende sie nicht in deinen Men\u00fcs und l\u00f6sche sie nicht! Stelle einfach nur sicher, das Events Made Easy in den Einstellungen auf der &#8222;Event Seite&#8220; auf diese Seite verweist. Events Made Easy benutzt diese Seite um Veranstaltungen, Veranstaltungsorte, Buchungen, Landkarten und alles andere darstellen zu k\u00f6nnen. Falls Du diese Seite l\u00f6schen m\u00f6chtest erstelle eine neue Seite die Events Made Easy benutzen und aktualisieren kann und verweise in den Einstellungen auf der &#8222;Event Seite&#8220; von Events Made Easy auf die neue Seite.<\/p>\n","protected":false},"excerpt":{"rendered":"<p>Diese Seite wird von Events Made Easy verwendet! Ver\u00e4ndere sie nicht, verwende sie nicht in deinen Men\u00fcs und l\u00f6sche sie nicht! Stelle einfach nur sicher, das Events Made Easy in den Einstellungen auf der &#8222;Event Seite&#8220; auf diese Seite verweist. Events Made Easy benutzt diese Seite um Veranstaltungen, Veranstaltungsorte, Buchungen, Landkarten und alles andere darstellen &hellip; <\/p>\n<p><a class=\"more-link btn\" href=\"http:\/\/www.rdb-freiberg.de\/?page_id=70\">Weiterlesen<\/a><\/p>\n","protected":false},"author":1,"featured_media":0,"parent":0,"menu_order":0,"comment_status":"closed","ping_status":"closed","template":"","meta":{"footnotes":""},"class_list":["post-70","page","type-page","status-publish","hentry","nodate","item-wrap"],"yoast_head":"<!-- This site is optimized with the Yoast SEO plugin v27.5 - https:\/\/yoast.com\/product\/yoast-seo-wordpress\/ -->\n<title>Veranstaltungen - RDB e.V. BV Bergakademie Freiberg<\/title>\n<meta name=\"robots\" content=\"index, follow, max-snippet:-1, max-image-preview:large, max-video-preview:-1\" \/>\n<link rel=\"canonical\" href=\"http:\/\/www.rdb-freiberg.de\/?page_id=70\" \/>\n<meta property=\"og:locale\" content=\"de_DE\" \/>\n<meta property=\"og:type\" content=\"article\" \/>\n<meta property=\"og:title\" content=\"Veranstaltungen - RDB e.V. BV Bergakademie Freiberg\" \/>\n<meta property=\"og:description\" content=\"Diese Seite wird von Events Made Easy verwendet! Ver\u00e4ndere sie nicht, verwende sie nicht in deinen Men\u00fcs und l\u00f6sche sie nicht! Stelle einfach nur sicher, das Events Made Easy in den Einstellungen auf der &#8222;Event Seite&#8220; auf diese Seite verweist. Events Made Easy benutzt diese Seite um Veranstaltungen, Veranstaltungsorte, Buchungen, Landkarten und alles andere darstellen &hellip; Weiterlesen\" \/>\n<meta property=\"og:url\" content=\"http:\/\/www.rdb-freiberg.de\/?page_id=70\" \/>\n<meta property=\"og:site_name\" content=\"RDB e.V. BV Bergakademie Freiberg\" \/>\n<meta property=\"article:modified_time\" content=\"2022-03-19T11:28:15+00:00\" \/>\n<meta name=\"twitter:card\" content=\"summary_large_image\" \/>\n<meta name=\"twitter:label1\" content=\"Gesch\u00e4tzte Lesezeit\" \/>\n\t<meta name=\"twitter:data1\" content=\"1\u00a0Minute\" \/>\n<script type=\"application\/ld+json\" class=\"yoast-schema-graph\">{\"@context\":\"https:\\\/\\\/schema.org\",\"@graph\":[{\"@type\":\"WebPage\",\"@id\":\"http:\\\/\\\/www.rdb-freiberg.de\\\/?page_id=70\",\"url\":\"http:\\\/\\\/www.rdb-freiberg.de\\\/?page_id=70\",\"name\":\"Veranstaltungen - RDB e.V. BV Bergakademie Freiberg\",\"isPartOf\":{\"@id\":\"http:\\\/\\\/www.rdb-freiberg.de\\\/#website\"},\"datePublished\":\"2017-12-01T14:10:18+00:00\",\"dateModified\":\"2022-03-19T11:28:15+00:00\",\"breadcrumb\":{\"@id\":\"http:\\\/\\\/www.rdb-freiberg.de\\\/?page_id=70#breadcrumb\"},\"inLanguage\":\"de\",\"potentialAction\":[{\"@type\":\"ReadAction\",\"target\":[\"http:\\\/\\\/www.rdb-freiberg.de\\\/?page_id=70\"]}]},{\"@type\":\"BreadcrumbList\",\"@id\":\"http:\\\/\\\/www.rdb-freiberg.de\\\/?page_id=70#breadcrumb\",\"itemListElement\":[{\"@type\":\"ListItem\",\"position\":1,\"name\":\"Startseite\",\"item\":\"http:\\\/\\\/www.rdb-freiberg.de\\\/\"},{\"@type\":\"ListItem\",\"position\":2,\"name\":\"Veranstaltungen\"}]},{\"@type\":\"WebSite\",\"@id\":\"http:\\\/\\\/www.rdb-freiberg.de\\\/#website\",\"url\":\"http:\\\/\\\/www.rdb-freiberg.de\\\/\",\"name\":\"RDB e.V. BV Bergakademie Freiberg\",\"description\":\"Ring Deutscher Bergingenieure TU Bergakademie Freiberg\",\"publisher\":{\"@id\":\"http:\\\/\\\/www.rdb-freiberg.de\\\/#organization\"},\"potentialAction\":[{\"@type\":\"SearchAction\",\"target\":{\"@type\":\"EntryPoint\",\"urlTemplate\":\"http:\\\/\\\/www.rdb-freiberg.de\\\/?s={search_term_string}\"},\"query-input\":{\"@type\":\"PropertyValueSpecification\",\"valueRequired\":true,\"valueName\":\"search_term_string\"}}],\"inLanguage\":\"de\"},{\"@type\":\"Organization\",\"@id\":\"http:\\\/\\\/www.rdb-freiberg.de\\\/#organization\",\"name\":\"Ring Deutscher Bergingenieure Bezirksverein Bergakademie Freiberg\",\"url\":\"http:\\\/\\\/www.rdb-freiberg.de\\\/\",\"logo\":{\"@type\":\"ImageObject\",\"inLanguage\":\"de\",\"@id\":\"http:\\\/\\\/www.rdb-freiberg.de\\\/#\\\/schema\\\/logo\\\/image\\\/\",\"url\":\"http:\\\/\\\/www.rdb-freiberg.de\\\/wp-content\\\/uploads\\\/2017\\\/12\\\/rdb-logo.jpg\",\"contentUrl\":\"http:\\\/\\\/www.rdb-freiberg.de\\\/wp-content\\\/uploads\\\/2017\\\/12\\\/rdb-logo.jpg\",\"width\":150,\"height\":150,\"caption\":\"Ring Deutscher Bergingenieure Bezirksverein Bergakademie Freiberg\"},\"image\":{\"@id\":\"http:\\\/\\\/www.rdb-freiberg.de\\\/#\\\/schema\\\/logo\\\/image\\\/\"},\"sameAs\":[\"https:\\\/\\\/de.wikipedia.org\\\/wiki\\\/Ring_Deutscher_Bergingenieure\"]}]}<\/script>\n<!-- \/ Yoast SEO plugin. -->","yoast_head_json":{"title":"Veranstaltungen - RDB e.V. BV Bergakademie Freiberg","robots":{"index":"index","follow":"follow","max-snippet":"max-snippet:-1","max-image-preview":"max-image-preview:large","max-video-preview":"max-video-preview:-1"},"canonical":"http:\/\/www.rdb-freiberg.de\/?page_id=70","og_locale":"de_DE","og_type":"article","og_title":"Veranstaltungen - RDB e.V. BV Bergakademie Freiberg","og_description":"Diese Seite wird von Events Made Easy verwendet! Ver\u00e4ndere sie nicht, verwende sie nicht in deinen Men\u00fcs und l\u00f6sche sie nicht! Stelle einfach nur sicher, das Events Made Easy in den Einstellungen auf der &#8222;Event Seite&#8220; auf diese Seite verweist. Events Made Easy benutzt diese Seite um Veranstaltungen, Veranstaltungsorte, Buchungen, Landkarten und alles andere darstellen &hellip; Weiterlesen","og_url":"http:\/\/www.rdb-freiberg.de\/?page_id=70","og_site_name":"RDB e.V. BV Bergakademie Freiberg","article_modified_time":"2022-03-19T11:28:15+00:00","twitter_card":"summary_large_image","twitter_misc":{"Gesch\u00e4tzte Lesezeit":"1\u00a0Minute"},"schema":{"@context":"https:\/\/schema.org","@graph":[{"@type":"WebPage","@id":"http:\/\/www.rdb-freiberg.de\/?page_id=70","url":"http:\/\/www.rdb-freiberg.de\/?page_id=70","name":"Veranstaltungen - RDB e.V. BV Bergakademie Freiberg","isPartOf":{"@id":"http:\/\/www.rdb-freiberg.de\/#website"},"datePublished":"2017-12-01T14:10:18+00:00","dateModified":"2022-03-19T11:28:15+00:00","breadcrumb":{"@id":"http:\/\/www.rdb-freiberg.de\/?page_id=70#breadcrumb"},"inLanguage":"de","potentialAction":[{"@type":"ReadAction","target":["http:\/\/www.rdb-freiberg.de\/?page_id=70"]}]},{"@type":"BreadcrumbList","@id":"http:\/\/www.rdb-freiberg.de\/?page_id=70#breadcrumb","itemListElement":[{"@type":"ListItem","position":1,"name":"Startseite","item":"http:\/\/www.rdb-freiberg.de\/"},{"@type":"ListItem","position":2,"name":"Veranstaltungen"}]},{"@type":"WebSite","@id":"http:\/\/www.rdb-freiberg.de\/#website","url":"http:\/\/www.rdb-freiberg.de\/","name":"RDB e.V. BV Bergakademie Freiberg","description":"Ring Deutscher Bergingenieure TU Bergakademie Freiberg","publisher":{"@id":"http:\/\/www.rdb-freiberg.de\/#organization"},"potentialAction":[{"@type":"SearchAction","target":{"@type":"EntryPoint","urlTemplate":"http:\/\/www.rdb-freiberg.de\/?s={search_term_string}"},"query-input":{"@type":"PropertyValueSpecification","valueRequired":true,"valueName":"search_term_string"}}],"inLanguage":"de"},{"@type":"Organization","@id":"http:\/\/www.rdb-freiberg.de\/#organization","name":"Ring Deutscher Bergingenieure Bezirksverein Bergakademie Freiberg","url":"http:\/\/www.rdb-freiberg.de\/","logo":{"@type":"ImageObject","inLanguage":"de","@id":"http:\/\/www.rdb-freiberg.de\/#\/schema\/logo\/image\/","url":"http:\/\/www.rdb-freiberg.de\/wp-content\/uploads\/2017\/12\/rdb-logo.jpg","contentUrl":"http:\/\/www.rdb-freiberg.de\/wp-content\/uploads\/2017\/12\/rdb-logo.jpg","width":150,"height":150,"caption":"Ring Deutscher Bergingenieure Bezirksverein Bergakademie Freiberg"},"image":{"@id":"http:\/\/www.rdb-freiberg.de\/#\/schema\/logo\/image\/"},"sameAs":["https:\/\/de.wikipedia.org\/wiki\/Ring_Deutscher_Bergingenieure"]}]}},"_links":{"self":[{"href":"http:\/\/www.rdb-freiberg.de\/index.php?rest_route=\/wp\/v2\/pages\/70","targetHints":{"allow":["GET"]}}],"collection":[{"href":"http:\/\/www.rdb-freiberg.de\/index.php?rest_route=\/wp\/v2\/pages"}],"about":[{"href":"http:\/\/www.rdb-freiberg.de\/index.php?rest_route=\/wp\/v2\/types\/page"}],"author":[{"embeddable":true,"href":"http:\/\/www.rdb-freiberg.de\/index.php?rest_route=\/wp\/v2\/users\/1"}],"replies":[{"embeddable":true,"href":"http:\/\/www.rdb-freiberg.de\/index.php?rest_route=%2Fwp%2Fv2%2Fcomments&post=70"}],"version-history":[{"count":1,"href":"http:\/\/www.rdb-freiberg.de\/index.php?rest_route=\/wp\/v2\/pages\/70\/revisions"}],"predecessor-version":[{"id":415,"href":"http:\/\/www.rdb-freiberg.de\/index.php?rest_route=\/wp\/v2\/pages\/70\/revisions\/415"}],"wp:attachment":[{"href":"http:\/\/www.rdb-freiberg.de\/index.php?rest_route=%2Fwp%2Fv2%2Fmedia&parent=70"}],"curies":[{"name":"wp","href":"https:\/\/api.w.org\/{rel}","templated":true}]}}